{"id":288,"date":"2019-04-24T16:19:18","date_gmt":"2019-04-24T14:19:18","guid":{"rendered":"http:\/\/94.102.140.197\/~mtvbasil\/?page_id=288"},"modified":"2024-07-12T14:38:36","modified_gmt":"2024-07-12T12:38:36","slug":"cantine-carbone","status":"publish","type":"page","link":"https:\/\/mtvbasilicata.it\/?page_id=288","title":{"rendered":"Carbone"},"content":{"rendered":"\n<style type=\"text\/css\" data-created_by=\"avia_inline_auto\" id=\"style-css-av-387pz-8d38075a4411ddea6339a2bddd25824d\">\n.flex_column.av-387pz-8d38075a4411ddea6339a2bddd25824d{\nborder-radius:0px 0px 0px 0px;\npadding:0px 0px 0px 0px;\n}\n<\/style>\n<div  class='flex_column av-387pz-8d38075a4411ddea6339a2bddd25824d av_one_third  avia-builder-el-0  el_before_av_two_third  avia-builder-el-first  first flex_column_div av-zero-column-padding  '     ><style type=\"text\/css\" data-created_by=\"avia_inline_auto\" id=\"style-css-av-juntmko4-723b9965928e6079240730fd3d98317c\">\n.avia-image-container.av-juntmko4-723b9965928e6079240730fd3d98317c img.avia_image{\nbox-shadow:none;\n}\n.avia-image-container.av-juntmko4-723b9965928e6079240730fd3d98317c .av-image-caption-overlay-center{\ncolor:#ffffff;\n}\n<\/style>\n<div  class='avia-image-container av-juntmko4-723b9965928e6079240730fd3d98317c av-styling- avia-align-center  avia-builder-el-1  avia-builder-el-no-sibling '   itemprop=\"image\" itemscope=\"itemscope\" itemtype=\"https:\/\/schema.org\/ImageObject\" ><div class=\"avia-image-container-inner\"><div class=\"avia-image-overlay-wrap\"><img decoding=\"async\" fetchpriority=\"high\" class='wp-image-289 avia-img-lazy-loading-not-289 avia_image ' src=\"https:\/\/mtvbasilicata.it\/wp-content\/uploads\/2019\/04\/carbone-logo.jpg\" alt='' title='carbone-logo'  height=\"250\" width=\"250\"  itemprop=\"thumbnailUrl\" srcset=\"https:\/\/mtvbasilicata.it\/wp-content\/uploads\/2019\/04\/carbone-logo.jpg 250w, https:\/\/mtvbasilicata.it\/wp-content\/uploads\/2019\/04\/carbone-logo-80x80.jpg 80w, https:\/\/mtvbasilicata.it\/wp-content\/uploads\/2019\/04\/carbone-logo-36x36.jpg 36w, https:\/\/mtvbasilicata.it\/wp-content\/uploads\/2019\/04\/carbone-logo-180x180.jpg 180w, https:\/\/mtvbasilicata.it\/wp-content\/uploads\/2019\/04\/carbone-logo-120x120.jpg 120w\" sizes=\"(max-width: 250px) 100vw, 250px\" \/><\/div><\/div><\/div><\/div>\n\n<style type=\"text\/css\" data-created_by=\"avia_inline_auto\" id=\"style-css-av-ogg2f-8e0e9fe77e20718bb662cd11b285d1ae\">\n.flex_column.av-ogg2f-8e0e9fe77e20718bb662cd11b285d1ae{\nborder-radius:0px 0px 0px 0px;\npadding:0px 0px 0px 0px;\n}\n<\/style>\n<div  class='flex_column av-ogg2f-8e0e9fe77e20718bb662cd11b285d1ae av_two_third  avia-builder-el-2  el_after_av_one_third  el_before_av_hr  flex_column_div av-zero-column-padding  '     ><p>\n<style type=\"text\/css\" data-created_by=\"avia_inline_auto\" id=\"style-css-av-juo9035p-dc35ee3e57bd196a96aaa172e3e3d593\">\n#top .hr.hr-invisible.av-juo9035p-dc35ee3e57bd196a96aaa172e3e3d593{\nheight:50px;\n}\n<\/style>\n<div  class='hr av-juo9035p-dc35ee3e57bd196a96aaa172e3e3d593 hr-invisible  avia-builder-el-3  el_before_av_heading  avia-builder-el-first '><span class='hr-inner '><span class=\"hr-inner-style\"><\/span><\/span><\/div><br \/>\n\n<style type=\"text\/css\" data-created_by=\"avia_inline_auto\" id=\"style-css-av-juvaq327-e7c25ad618dda962fd4f3c8531279e8a\">\n#top .av-special-heading.av-juvaq327-e7c25ad618dda962fd4f3c8531279e8a{\npadding-bottom:10px;\n}\nbody .av-special-heading.av-juvaq327-e7c25ad618dda962fd4f3c8531279e8a .av-special-heading-tag .heading-char{\nfont-size:25px;\n}\n.av-special-heading.av-juvaq327-e7c25ad618dda962fd4f3c8531279e8a .av-subheading{\nfont-size:15px;\n}\n<\/style>\n<div  class='av-special-heading av-juvaq327-e7c25ad618dda962fd4f3c8531279e8a av-special-heading-h3  avia-builder-el-4  el_after_av_hr  el_before_av_textblock '><h3 class='av-special-heading-tag '  itemprop=\"headline\"  >Carbone<\/h3><div class=\"special-heading-border\"><div class=\"special-heading-inner-border\"><\/div><\/div><\/div><br \/>\n<section  class='av_textblock_section av-junto5cf-caea221dc65a4d6e7478efb72499d542 '   itemscope=\"itemscope\" itemtype=\"https:\/\/schema.org\/CreativeWork\" ><div class='avia_textblock'  itemprop=\"text\" ><p>Azienda agricola condotta dai fratelli Sara e Luca in agro di Melfi in regime biologico. Le etichette principali, Stupor mundi e 400 some sono dedicate alla storia del territorio e alla tradizione dell&#8217;aglianico del Vulture.<\/p>\n<p>Tradizionale \u00e8 la impostazione dei loro vini che affinano in una struttura ipogea in centro al paese scavata nel tufo, dove \u00e8 possibile osservare i diversi materiali di cui \u00e8 composto il territorio e la storia geologica<\/p>\n<\/div><\/section><\/p><\/div>\n<div  class='hr av-ofwrz-d7c0b307baceda83b9a59f6dd26e28f4 hr-default  avia-builder-el-6  el_after_av_two_third  el_before_av_slideshow '><span class='hr-inner '><span class=\"hr-inner-style\"><\/span><\/span><\/div>\n<div  class='avia-slideshow av-juo8opdr-4ea368d7db279504832eff73ad5ff2bc avia-slideshow-gallery av_slideshow avia-slide-slider  avia-builder-el-7  el_after_av_hr  el_before_av_two_fifth  av-slideshow-ui av-control-default av-slideshow-autoplay av-loop-endless av-loop-manual-endless av-default-height-applied avia-slideshow-1' data-slideshow-options=\"{&quot;animation&quot;:&quot;slide&quot;,&quot;autoplay&quot;:true,&quot;loop_autoplay&quot;:&quot;endless&quot;,&quot;interval&quot;:5,&quot;loop_manual&quot;:&quot;manual-endless&quot;,&quot;autoplay_stopper&quot;:false,&quot;noNavigation&quot;:false,&quot;bg_slider&quot;:false,&quot;keep_padding&quot;:false,&quot;hoverpause&quot;:false,&quot;show_slide_delay&quot;:0}\"  itemprop=\"image\" itemscope=\"itemscope\" itemtype=\"https:\/\/schema.org\/ImageObject\" ><ul class='avia-slideshow-inner ' style='padding-bottom: 64.5%;'><li  class='avia-slideshow-slide av-juo8opdr-4ea368d7db279504832eff73ad5ff2bc__0  slide-1 slide-odd'><div data-rel='slideshow-1' class='avia-slide-wrap '   ><img decoding=\"async\" fetchpriority=\"high\" class=\"wp-image-290 avia-img-lazy-loading-not-290\"  src=\"https:\/\/mtvbasilicata.it\/wp-content\/uploads\/2019\/04\/carbone-01.jpg\" width=\"800\" height=\"516\" title='carbone-01' alt=''  itemprop=\"thumbnailUrl\" srcset=\"https:\/\/mtvbasilicata.it\/wp-content\/uploads\/2019\/04\/carbone-01.jpg 800w, https:\/\/mtvbasilicata.it\/wp-content\/uploads\/2019\/04\/carbone-01-300x194.jpg 300w, https:\/\/mtvbasilicata.it\/wp-content\/uploads\/2019\/04\/carbone-01-768x495.jpg 768w, https:\/\/mtvbasilicata.it\/wp-content\/uploads\/2019\/04\/carbone-01-705x455.jpg 705w, https:\/\/mtvbasilicata.it\/wp-content\/uploads\/2019\/04\/carbone-01-450x290.jpg 450w\" sizes=\"(max-width: 800px) 100vw, 800px\" \/><\/div><\/li><li  class='avia-slideshow-slide av-juo8opdr-4ea368d7db279504832eff73ad5ff2bc__1  slide-2 slide-even'><div data-rel='slideshow-1' class='avia-slide-wrap '   ><img decoding=\"async\" fetchpriority=\"high\" class=\"wp-image-291 avia-img-lazy-loading-not-291\"  src=\"https:\/\/mtvbasilicata.it\/wp-content\/uploads\/2019\/04\/carbone-02.jpg\" width=\"525\" height=\"348\" title='carbone-02' alt=''  itemprop=\"thumbnailUrl\" srcset=\"https:\/\/mtvbasilicata.it\/wp-content\/uploads\/2019\/04\/carbone-02.jpg 525w, https:\/\/mtvbasilicata.it\/wp-content\/uploads\/2019\/04\/carbone-02-300x199.jpg 300w, https:\/\/mtvbasilicata.it\/wp-content\/uploads\/2019\/04\/carbone-02-450x298.jpg 450w\" sizes=\"(max-width: 525px) 100vw, 525px\" \/><\/div><\/li><li  class='avia-slideshow-slide av-juo8opdr-4ea368d7db279504832eff73ad5ff2bc__2  slide-3 slide-odd'><div data-rel='slideshow-1' class='avia-slide-wrap '   ><img decoding=\"async\" fetchpriority=\"high\" class=\"wp-image-292 avia-img-lazy-loading-not-292\"  src=\"https:\/\/mtvbasilicata.it\/wp-content\/uploads\/2019\/04\/carbone-03-845x684.jpg\" width=\"845\" height=\"684\" title='carbone-03' alt=''  itemprop=\"thumbnailUrl\" srcset=\"https:\/\/mtvbasilicata.it\/wp-content\/uploads\/2019\/04\/carbone-03-845x684.jpg 845w, https:\/\/mtvbasilicata.it\/wp-content\/uploads\/2019\/04\/carbone-03-495x400.jpg 495w\" sizes=\"(max-width: 845px) 100vw, 845px\" \/><\/div><\/li><\/ul><div class='avia-slideshow-arrows avia-slideshow-controls' ><a href='#prev' class='prev-slide  avia-svg-icon avia-font-svg_entypo-fontello' data-av_svg_icon='left-open-big' data-av_iconset='svg_entypo-fontello' tabindex='-1' title=\"Prec\"><svg version=\"1.1\" xmlns=\"http:\/\/www.w3.org\/2000\/svg\" width=\"15\" height=\"32\" viewBox=\"0 0 15 32\" preserveAspectRatio=\"xMidYMid meet\" aria-labelledby='av-svg-title-1' aria-describedby='av-svg-desc-1' role=\"graphics-symbol\" aria-hidden=\"true\">\n<title id='av-svg-title-1'>Prec<\/title>\n<desc id='av-svg-desc-1'>Prec<\/desc>\n<path d=\"M14.464 27.84q0.832 0.832 0 1.536-0.832 0.832-1.536 0l-12.544-12.608q-0.768-0.768 0-1.6l12.544-12.608q0.704-0.832 1.536 0 0.832 0.704 0 1.536l-11.456 11.904z\"><\/path>\n<\/svg><span class='avia_hidden_link_text'>Prec<\/span><\/a><a href='#next' class='next-slide  avia-svg-icon avia-font-svg_entypo-fontello' data-av_svg_icon='right-open-big' data-av_iconset='svg_entypo-fontello' tabindex='-1' title=\"Succ\"><svg version=\"1.1\" xmlns=\"http:\/\/www.w3.org\/2000\/svg\" width=\"15\" height=\"32\" viewBox=\"0 0 15 32\" preserveAspectRatio=\"xMidYMid meet\" aria-labelledby='av-svg-title-2' aria-describedby='av-svg-desc-2' role=\"graphics-symbol\" aria-hidden=\"true\">\n<title id='av-svg-title-2'>Succ<\/title>\n<desc id='av-svg-desc-2'>Succ<\/desc>\n<path d=\"M0.416 27.84l11.456-11.84-11.456-11.904q-0.832-0.832 0-1.536 0.832-0.832 1.536 0l12.544 12.608q0.768 0.832 0 1.6l-12.544 12.608q-0.704 0.832-1.536 0-0.832-0.704 0-1.536z\"><\/path>\n<\/svg><span class='avia_hidden_link_text'>Succ<\/span><\/a><\/div><div class='avia-slideshow-dots avia-slideshow-controls'><a href='#1' class='goto-slide active' >1<\/a><a href='#2' class='goto-slide ' >2<\/a><a href='#3' class='goto-slide ' >3<\/a><\/div><\/div>\n\n<style type=\"text\/css\" data-created_by=\"avia_inline_auto\" id=\"style-css-av-ogg2f-8509e364f36e62748db96d0ccb563fe9\">\n.flex_column.av-ogg2f-8509e364f36e62748db96d0ccb563fe9{\nborder-radius:0px 0px 0px 0px;\npadding:0px 0px 0px 0px;\n}\n<\/style>\n<div  class='flex_column av-ogg2f-8509e364f36e62748db96d0ccb563fe9 av_two_fifth  avia-builder-el-8  el_after_av_slideshow  el_before_av_three_fifth  first flex_column_div av-zero-column-padding  '     ><\/div>\n\n<style type=\"text\/css\" data-created_by=\"avia_inline_auto\" id=\"style-css-av-ogg2f-8e0e9fe77e20718bb662cd11b285d1ae\">\n.flex_column.av-ogg2f-8e0e9fe77e20718bb662cd11b285d1ae{\nborder-radius:0px 0px 0px 0px;\npadding:0px 0px 0px 0px;\n}\n<\/style>\n<div  class='flex_column av-ogg2f-8e0e9fe77e20718bb662cd11b285d1ae av_three_fifth  avia-builder-el-9  el_after_av_two_fifth  avia-builder-el-last  flex_column_div av-zero-column-padding  '     ><section  class='av_textblock_section av-junto5cf-caea221dc65a4d6e7478efb72499d542 '   itemscope=\"itemscope\" itemtype=\"https:\/\/schema.org\/CreativeWork\" ><div class='avia_textblock'  itemprop=\"text\" ><p><strong>CARBONE VINI Srls AGRICOLA<\/strong><br \/>\nVIA NITTI, 48 &#8211; 85025 MELFI (PZ)<\/p>\n<p><strong>Contatti<\/strong><br \/>\ncell. +39 328 2814344<br \/>\n<a href=\"http:\/\/www.carbonevini.it\">www.carbonevini.it<\/a> &#8211; <a href=\"mailto:info@carbonevini.it\">info@carbonevini.it<\/a><\/p>\n<\/div><\/section><\/div>\n","protected":false},"excerpt":{"rendered":"","protected":false},"author":1,"featured_media":292,"parent":0,"menu_order":0,"comment_status":"closed","ping_status":"closed","template":"","meta":{"footnotes":""},"categories":[],"tags":[11],"class_list":["post-288","page","type-page","status-publish","has-post-thumbnail","hentry","tag-cantina"],"_links":{"self":[{"href":"https:\/\/mtvbasilicata.it\/index.php?rest_route=\/wp\/v2\/pages\/288","targetHints":{"allow":["GET"]}}],"collection":[{"href":"https:\/\/mtvbasilicata.it\/index.php?rest_route=\/wp\/v2\/pages"}],"about":[{"href":"https:\/\/mtvbasilicata.it\/index.php?rest_route=\/wp\/v2\/types\/page"}],"author":[{"embeddable":true,"href":"https:\/\/mtvbasilicata.it\/index.php?rest_route=\/wp\/v2\/users\/1"}],"replies":[{"embeddable":true,"href":"https:\/\/mtvbasilicata.it\/index.php?rest_route=%2Fwp%2Fv2%2Fcomments&post=288"}],"version-history":[{"count":2,"href":"https:\/\/mtvbasilicata.it\/index.php?rest_route=\/wp\/v2\/pages\/288\/revisions"}],"predecessor-version":[{"id":1779,"href":"https:\/\/mtvbasilicata.it\/index.php?rest_route=\/wp\/v2\/pages\/288\/revisions\/1779"}],"wp:featuredmedia":[{"embeddable":true,"href":"https:\/\/mtvbasilicata.it\/index.php?rest_route=\/wp\/v2\/media\/292"}],"wp:attachment":[{"href":"https:\/\/mtvbasilicata.it\/index.php?rest_route=%2Fwp%2Fv2%2Fmedia&parent=288"}],"wp:term":[{"taxonomy":"category","embeddable":true,"href":"https:\/\/mtvbasilicata.it\/index.php?rest_route=%2Fwp%2Fv2%2Fcategories&post=288"},{"taxonomy":"post_tag","embeddable":true,"href":"https:\/\/mtvbasilicata.it\/index.php?rest_route=%2Fwp%2Fv2%2Ftags&post=288"}],"curies":[{"name":"wp","href":"https:\/\/api.w.org\/{rel}","templated":true}]}}