{"id":332,"date":"2019-04-26T11:12:20","date_gmt":"2019-04-26T09:12:20","guid":{"rendered":"https:\/\/www.mtvbasilicata.it\/?page_id=332"},"modified":"2025-05-12T09:00:08","modified_gmt":"2025-05-12T07:00:08","slug":"casa-vinicola-martino","status":"publish","type":"page","link":"https:\/\/mtvbasilicata.it\/?page_id=332","title":{"rendered":"Casa Vinicola Martino"},"content":{"rendered":"\n<style type=\"text\/css\" data-created_by=\"avia_inline_auto\" id=\"style-css-av-387pz-8d38075a4411ddea6339a2bddd25824d\">\n.flex_column.av-387pz-8d38075a4411ddea6339a2bddd25824d{\nborder-radius:0px 0px 0px 0px;\npadding:0px 0px 0px 0px;\n}\n<\/style>\n<div  class='flex_column av-387pz-8d38075a4411ddea6339a2bddd25824d av_one_third  avia-builder-el-0  el_before_av_two_third  avia-builder-el-first  first flex_column_div av-zero-column-padding  '     ><style type=\"text\/css\" data-created_by=\"avia_inline_auto\" id=\"style-css-av-juntmko4-48ded6ab09f46c4b7420f30402647702\">\n.avia-image-container.av-juntmko4-48ded6ab09f46c4b7420f30402647702 img.avia_image{\nbox-shadow:none;\n}\n.avia-image-container.av-juntmko4-48ded6ab09f46c4b7420f30402647702 .av-image-caption-overlay-center{\ncolor:#ffffff;\n}\n<\/style>\n<div  class='avia-image-container av-juntmko4-48ded6ab09f46c4b7420f30402647702 av-styling- avia-align-center  avia-builder-el-1  avia-builder-el-no-sibling '   itemprop=\"image\" itemscope=\"itemscope\" itemtype=\"https:\/\/schema.org\/ImageObject\" ><div class=\"avia-image-container-inner\"><div class=\"avia-image-overlay-wrap\"><img decoding=\"async\" fetchpriority=\"high\" class='wp-image-336 avia-img-lazy-loading-not-336 avia_image ' src=\"https:\/\/mtvbasilicata.it\/wp-content\/uploads\/2019\/04\/martino-logo.jpg\" alt='' title='martino-logo'  height=\"250\" width=\"250\"  itemprop=\"thumbnailUrl\" srcset=\"https:\/\/mtvbasilicata.it\/wp-content\/uploads\/2019\/04\/martino-logo.jpg 250w, https:\/\/mtvbasilicata.it\/wp-content\/uploads\/2019\/04\/martino-logo-80x80.jpg 80w, https:\/\/mtvbasilicata.it\/wp-content\/uploads\/2019\/04\/martino-logo-36x36.jpg 36w, https:\/\/mtvbasilicata.it\/wp-content\/uploads\/2019\/04\/martino-logo-180x180.jpg 180w, https:\/\/mtvbasilicata.it\/wp-content\/uploads\/2019\/04\/martino-logo-120x120.jpg 120w\" sizes=\"(max-width: 250px) 100vw, 250px\" \/><\/div><\/div><\/div><\/div>\n\n<style type=\"text\/css\" data-created_by=\"avia_inline_auto\" id=\"style-css-av-ogg2f-8e0e9fe77e20718bb662cd11b285d1ae\">\n.flex_column.av-ogg2f-8e0e9fe77e20718bb662cd11b285d1ae{\nborder-radius:0px 0px 0px 0px;\npadding:0px 0px 0px 0px;\n}\n<\/style>\n<div  class='flex_column av-ogg2f-8e0e9fe77e20718bb662cd11b285d1ae av_two_third  avia-builder-el-2  el_after_av_one_third  el_before_av_hr  flex_column_div av-zero-column-padding  '     ><p>\n<style type=\"text\/css\" data-created_by=\"avia_inline_auto\" id=\"style-css-av-juo9035p-dc35ee3e57bd196a96aaa172e3e3d593\">\n#top .hr.hr-invisible.av-juo9035p-dc35ee3e57bd196a96aaa172e3e3d593{\nheight:50px;\n}\n<\/style>\n<div  class='hr av-juo9035p-dc35ee3e57bd196a96aaa172e3e3d593 hr-invisible  avia-builder-el-3  el_before_av_heading  avia-builder-el-first '><span class='hr-inner '><span class=\"hr-inner-style\"><\/span><\/span><\/div><br \/>\n\n<style type=\"text\/css\" data-created_by=\"avia_inline_auto\" id=\"style-css-av-juxumqbc-92cfa54086082b12a273231292bf32fb\">\n#top .av-special-heading.av-juxumqbc-92cfa54086082b12a273231292bf32fb{\npadding-bottom:10px;\n}\nbody .av-special-heading.av-juxumqbc-92cfa54086082b12a273231292bf32fb .av-special-heading-tag .heading-char{\nfont-size:25px;\n}\n.av-special-heading.av-juxumqbc-92cfa54086082b12a273231292bf32fb .av-subheading{\nfont-size:15px;\n}\n<\/style>\n<div  class='av-special-heading av-juxumqbc-92cfa54086082b12a273231292bf32fb av-special-heading-h3  avia-builder-el-4  el_after_av_hr  el_before_av_textblock  av-linked-heading'><h3 class='av-special-heading-tag '  itemprop=\"headline\"  >Casa Vinicola Martino<\/h3><div class=\"special-heading-border\"><div class=\"special-heading-inner-border\"><\/div><\/div><\/div><br \/>\n<section  class='av_textblock_section av-junto5cf-caea221dc65a4d6e7478efb72499d542 '   itemscope=\"itemscope\" itemtype=\"https:\/\/schema.org\/CreativeWork\" ><div class='avia_textblock'  itemprop=\"text\" ><p>La C<strong>asa Vinicola Armando Martino <\/strong>porta il nome del suo innovatore A<strong>rmando <\/strong>che \u00e8 affiancato nella conduzione da sua Figlia C<strong>arolin<\/strong>. L&#8217;azienda nasce negli anni \u201840 a Rionero in Vulture (Potenza) come naturale evoluzione dell\u2019attivit\u00e0 avviata da suo nonno verso la fine dell\u2019800 e continuata da suo Padre D<strong>onato<\/strong>. L\u2019ingresso di Carolin, nel 2007, segna un punto di svolta nella politica di rinnovamento dell\u2019immagine aziendale che si concretizza con la produzione dell\u2019Aglianico del Vulture Superiore Riserva Docg, massima espressione delle potenzialit\u00e0 enologiche del vitigno.<\/p>\n<p>Mission e punti di forza sono la passione per la coltura della vite, il culto della tradizione e delle proprie radici, l\u2019eccellente rapporto qualit\u00e0-prezzo che ne fanno una delle pi\u00f9 apprezzate realt\u00e0 vitivinicole del Vulture.<\/p>\n<p>L&#8217;azienda lavora uve provenienti esclusivamente dalle fresche e soleggiate colline dell\u2019area del Vulture e del Materano.<\/p>\n<p>L\u2019Aglianico del Vulture Superiore DOCG \u00e8 il prodotto di punta, vinificato ed anche spumantizzato in rosso, rosato e bianco. Per quanto riguarda le uve bianche, si vinificano Greco e Chardonnay, mentre Malvasia e Moscato sono utilizzate per spumanti aromatici dolci e demi-sec.<\/p>\n<\/div><\/section><\/p><\/div><div  class='hr av-ofwrz-d7c0b307baceda83b9a59f6dd26e28f4 hr-default  avia-builder-el-6  el_after_av_two_third  el_before_av_slideshow '><span class='hr-inner '><span class=\"hr-inner-style\"><\/span><\/span><\/div><\/p>\n<div  class='avia-slideshow av-juo8opdr-4ea368d7db279504832eff73ad5ff2bc avia-slideshow-gallery av_slideshow avia-slide-slider  avia-builder-el-7  el_after_av_hr  el_before_av_two_fifth  av-slideshow-ui av-control-default av-slideshow-autoplay av-loop-endless av-loop-manual-endless av-default-height-applied avia-slideshow-1' data-slideshow-options=\"{&quot;animation&quot;:&quot;slide&quot;,&quot;autoplay&quot;:true,&quot;loop_autoplay&quot;:&quot;endless&quot;,&quot;interval&quot;:5,&quot;loop_manual&quot;:&quot;manual-endless&quot;,&quot;autoplay_stopper&quot;:false,&quot;noNavigation&quot;:false,&quot;bg_slider&quot;:false,&quot;keep_padding&quot;:false,&quot;hoverpause&quot;:false,&quot;show_slide_delay&quot;:0}\"  itemprop=\"image\" itemscope=\"itemscope\" itemtype=\"https:\/\/schema.org\/ImageObject\" ><ul class='avia-slideshow-inner ' style='padding-bottom: 80.94674556213%;'><li  class='avia-slideshow-slide av-juo8opdr-4ea368d7db279504832eff73ad5ff2bc__0  slide-1 slide-odd'><div data-rel='slideshow-1' class='avia-slide-wrap '   ><img decoding=\"async\" fetchpriority=\"high\" class=\"wp-image-333 avia-img-lazy-loading-not-333\"  src=\"https:\/\/mtvbasilicata.it\/wp-content\/uploads\/2019\/04\/martino-01-845x684.jpg\" width=\"845\" height=\"684\" title='martino-01' alt=''  itemprop=\"thumbnailUrl\" srcset=\"https:\/\/mtvbasilicata.it\/wp-content\/uploads\/2019\/04\/martino-01-845x684.jpg 845w, https:\/\/mtvbasilicata.it\/wp-content\/uploads\/2019\/04\/martino-01-495x400.jpg 495w\" sizes=\"(max-width: 845px) 100vw, 845px\" \/><\/div><\/li><li  class='avia-slideshow-slide av-juo8opdr-4ea368d7db279504832eff73ad5ff2bc__1  slide-2 slide-even'><div data-rel='slideshow-1' class='avia-slide-wrap '   ><img decoding=\"async\" fetchpriority=\"high\" class=\"wp-image-334 avia-img-lazy-loading-not-334\"  src=\"https:\/\/mtvbasilicata.it\/wp-content\/uploads\/2019\/04\/martino-02-845x623.jpg\" width=\"845\" height=\"623\" title='martino-02' alt=''  itemprop=\"thumbnailUrl\"   \/><\/div><\/li><li  class='avia-slideshow-slide av-juo8opdr-4ea368d7db279504832eff73ad5ff2bc__2  slide-3 slide-odd'><div data-rel='slideshow-1' class='avia-slide-wrap '   ><img decoding=\"async\" fetchpriority=\"high\" class=\"wp-image-335 avia-img-lazy-loading-not-335\"  src=\"https:\/\/mtvbasilicata.it\/wp-content\/uploads\/2019\/04\/martino-03-845x684.jpg\" width=\"845\" height=\"684\" title='martino-03' alt=''  itemprop=\"thumbnailUrl\" srcset=\"https:\/\/mtvbasilicata.it\/wp-content\/uploads\/2019\/04\/martino-03-845x684.jpg 845w, https:\/\/mtvbasilicata.it\/wp-content\/uploads\/2019\/04\/martino-03-495x400.jpg 495w\" sizes=\"(max-width: 845px) 100vw, 845px\" \/><\/div><\/li><\/ul><div class='avia-slideshow-arrows avia-slideshow-controls' ><a href='#prev' class='prev-slide  avia-svg-icon avia-font-svg_entypo-fontello' data-av_svg_icon='left-open-big' data-av_iconset='svg_entypo-fontello' tabindex='-1' title=\"Prec\"><svg version=\"1.1\" xmlns=\"http:\/\/www.w3.org\/2000\/svg\" width=\"15\" height=\"32\" viewBox=\"0 0 15 32\" preserveAspectRatio=\"xMidYMid meet\" aria-labelledby='av-svg-title-1' aria-describedby='av-svg-desc-1' role=\"graphics-symbol\" aria-hidden=\"true\">\n<title id='av-svg-title-1'>Prec<\/title>\n<desc id='av-svg-desc-1'>Prec<\/desc>\n<path d=\"M14.464 27.84q0.832 0.832 0 1.536-0.832 0.832-1.536 0l-12.544-12.608q-0.768-0.768 0-1.6l12.544-12.608q0.704-0.832 1.536 0 0.832 0.704 0 1.536l-11.456 11.904z\"><\/path>\n<\/svg><span class='avia_hidden_link_text'>Prec<\/span><\/a><a href='#next' class='next-slide  avia-svg-icon avia-font-svg_entypo-fontello' data-av_svg_icon='right-open-big' data-av_iconset='svg_entypo-fontello' tabindex='-1' title=\"Succ\"><svg version=\"1.1\" xmlns=\"http:\/\/www.w3.org\/2000\/svg\" width=\"15\" height=\"32\" viewBox=\"0 0 15 32\" preserveAspectRatio=\"xMidYMid meet\" aria-labelledby='av-svg-title-2' aria-describedby='av-svg-desc-2' role=\"graphics-symbol\" aria-hidden=\"true\">\n<title id='av-svg-title-2'>Succ<\/title>\n<desc id='av-svg-desc-2'>Succ<\/desc>\n<path d=\"M0.416 27.84l11.456-11.84-11.456-11.904q-0.832-0.832 0-1.536 0.832-0.832 1.536 0l12.544 12.608q0.768 0.832 0 1.6l-12.544 12.608q-0.704 0.832-1.536 0-0.832-0.704 0-1.536z\"><\/path>\n<\/svg><span class='avia_hidden_link_text'>Succ<\/span><\/a><\/div><div class='avia-slideshow-dots avia-slideshow-controls'><a href='#1' class='goto-slide active' >1<\/a><a href='#2' class='goto-slide ' >2<\/a><a href='#3' class='goto-slide ' >3<\/a><\/div><\/div>\n\n<style type=\"text\/css\" data-created_by=\"avia_inline_auto\" id=\"style-css-av-ogg2f-3-0bbd0c5015076606f36a67e3ccedca56\">\n.flex_column.av-ogg2f-3-0bbd0c5015076606f36a67e3ccedca56{\nborder-radius:0px 0px 0px 0px;\npadding:0px 0px 0px 0px;\n}\n<\/style>\n<div  class='flex_column av-ogg2f-3-0bbd0c5015076606f36a67e3ccedca56 av_two_fifth  avia-builder-el-8  el_after_av_slideshow  el_before_av_three_fifth  first flex_column_div av-zero-column-padding  '     ><\/div>\n\n<style type=\"text\/css\" data-created_by=\"avia_inline_auto\" id=\"style-css-av-ogg2f-1-896bc4d5d803395b7032089de647c718\">\n.flex_column.av-ogg2f-1-896bc4d5d803395b7032089de647c718{\nborder-radius:0px 0px 0px 0px;\npadding:0px 0px 0px 0px;\n}\n<\/style>\n<div  class='flex_column av-ogg2f-1-896bc4d5d803395b7032089de647c718 av_three_fifth  avia-builder-el-9  el_after_av_two_fifth  avia-builder-el-last  flex_column_div av-zero-column-padding  '     ><section  class='av_textblock_section av-junto5cf-2-f833cf98aaac80c3eb6eab9397ded5bd '   itemscope=\"itemscope\" itemtype=\"https:\/\/schema.org\/CreativeWork\" ><div class='avia_textblock'  itemprop=\"text\" ><p><strong>CASA VINICOLA ARMANDO MARTINO SRL<\/strong><br \/>\nVIA LA VISTA 2\/A &#8211; 85028 RIONERO IN VULTURE (PZ)<\/p>\n<p><strong>Contatti<\/strong><br \/>\ntel. +39 0972 721422<br \/>\n<a href=\"http:\/\/www.martinovini.com\">www.martinovini.com<\/a> &#8211; <a href=\"mailto:info@martinovini.com\">info@martinovini.com<\/a><\/p>\n<\/div><\/section><\/div>\n","protected":false},"excerpt":{"rendered":"","protected":false},"author":1,"featured_media":93,"parent":0,"menu_order":0,"comment_status":"closed","ping_status":"closed","template":"","meta":{"footnotes":""},"categories":[],"tags":[11],"class_list":["post-332","page","type-page","status-publish","has-post-thumbnail","hentry","tag-cantina"],"_links":{"self":[{"href":"https:\/\/mtvbasilicata.it\/index.php?rest_route=\/wp\/v2\/pages\/332","targetHints":{"allow":["GET"]}}],"collection":[{"href":"https:\/\/mtvbasilicata.it\/index.php?rest_route=\/wp\/v2\/pages"}],"about":[{"href":"https:\/\/mtvbasilicata.it\/index.php?rest_route=\/wp\/v2\/types\/page"}],"author":[{"embeddable":true,"href":"https:\/\/mtvbasilicata.it\/index.php?rest_route=\/wp\/v2\/users\/1"}],"replies":[{"embeddable":true,"href":"https:\/\/mtvbasilicata.it\/index.php?rest_route=%2Fwp%2Fv2%2Fcomments&post=332"}],"version-history":[{"count":3,"href":"https:\/\/mtvbasilicata.it\/index.php?rest_route=\/wp\/v2\/pages\/332\/revisions"}],"predecessor-version":[{"id":1836,"href":"https:\/\/mtvbasilicata.it\/index.php?rest_route=\/wp\/v2\/pages\/332\/revisions\/1836"}],"wp:featuredmedia":[{"embeddable":true,"href":"https:\/\/mtvbasilicata.it\/index.php?rest_route=\/wp\/v2\/media\/93"}],"wp:attachment":[{"href":"https:\/\/mtvbasilicata.it\/index.php?rest_route=%2Fwp%2Fv2%2Fmedia&parent=332"}],"wp:term":[{"taxonomy":"category","embeddable":true,"href":"https:\/\/mtvbasilicata.it\/index.php?rest_route=%2Fwp%2Fv2%2Fcategories&post=332"},{"taxonomy":"post_tag","embeddable":true,"href":"https:\/\/mtvbasilicata.it\/index.php?rest_route=%2Fwp%2Fv2%2Ftags&post=332"}],"curies":[{"name":"wp","href":"https:\/\/api.w.org\/{rel}","templated":true}]}}