{"id":627,"date":"2019-04-30T09:08:57","date_gmt":"2019-04-30T07:08:57","guid":{"rendered":"https:\/\/www.mtvbasilicata.it\/?page_id=627"},"modified":"2019-05-07T12:30:52","modified_gmt":"2019-05-07T10:30:52","slug":"percorsi","status":"publish","type":"page","link":"https:\/\/mtvbasilicata.it\/?page_id=627","title":{"rendered":"Percorsi"},"content":{"rendered":"\n<style type=\"text\/css\" data-created_by=\"avia_inline_auto\" id=\"style-css-av-av_one_half-25347b0a799d5b9f7058434b2a9c3182\">\n.flex_column.av-av_one_half-25347b0a799d5b9f7058434b2a9c3182{\nborder-radius:0px 0px 0px 0px;\npadding:0px 0px 0px 0px;\n}\n<\/style>\n<div  class='flex_column av-av_one_half-25347b0a799d5b9f7058434b2a9c3182 av_one_half  avia-builder-el-0  el_before_av_one_half  avia-builder-el-first  first flex_column_div av-zero-column-padding  '     ><\/div>\n\n<style type=\"text\/css\" data-created_by=\"avia_inline_auto\" id=\"style-css-av-av_one_half-f7c1061df29de8cca6b42fcf455fe4a0\">\n.flex_column.av-av_one_half-f7c1061df29de8cca6b42fcf455fe4a0{\nborder-radius:0px 0px 0px 0px;\npadding:0px 0px 0px 0px;\n}\n<\/style>\n<div  class='flex_column av-av_one_half-f7c1061df29de8cca6b42fcf455fe4a0 av_one_half flex_column_div av-zero-column-padding  '     ><p>\n<style type=\"text\/css\" data-created_by=\"avia_inline_auto\" id=\"style-css-av-jv3g7p71-ce5925e40d286f9815853c9b4e4901df\">\n#top .av-special-heading.av-jv3g7p71-ce5925e40d286f9815853c9b4e4901df{\npadding-bottom:10px;\n}\nbody .av-special-heading.av-jv3g7p71-ce5925e40d286f9815853c9b4e4901df .av-special-heading-tag .heading-char{\nfont-size:25px;\n}\n.av-special-heading.av-jv3g7p71-ce5925e40d286f9815853c9b4e4901df .av-subheading{\nfont-size:15px;\n}\n<\/style>\n<div  class='av-special-heading av-jv3g7p71-ce5925e40d286f9815853c9b4e4901df av-special-heading-h3  avia-builder-el-1  el_before_av_textblock  avia-builder-el-first '><h3 class='av-special-heading-tag '  itemprop=\"headline\"  >PERCORSO 1 \u2013 IL VULTURE<\/h3><div class=\"special-heading-border\"><div class=\"special-heading-inner-border\"><\/div><\/div><\/div><br \/>\n<section  class='av_textblock_section av-jv3g9cb2-eb9036be139f607c6b4ce463d5b51e96 '   itemscope=\"itemscope\" itemtype=\"https:\/\/schema.org\/CreativeWork\" ><div class='avia_textblock'  itemprop=\"text\" ><p>\u00c8 tra il verde incontaminato dei boschi del Monte Vulture, antico vulcano ormai sopito, che sorgono le principali ricchezze di questo territorio. Dal pregiato vitigno Aglianico del Vulture all\u2019oro verde dell\u2019Olio Extra Vergine d\u2019Oliva, dalle fresche acque delle sorgenti minerali, al patrimonio paesaggistico e culturale risalente al periodo normanno.<\/p>\n<h3><strong>AZIENDE<\/strong><\/h3>\n<p>BISCEGLIA \u2013 CANTINA DI VENOSA \u2013 CANTINA GIORNI \u2013 CANTINA IL PASSO \u2013 CANTINE DEL NOTAIO &#8211; CARBONE \u2013 CASA VINICOLA ARMANDO MARTINO \u2013 CASA VINICOLA D\u2019ANGELO \u2013 DONATO D\u2019ANGELO \u2013 ELENA FUCCI \u2013 GRIFALCO &#8211; MUSTOCARMELITANO \u2013 PATERNOSTER \u2013 RE MANFREDI (TERRE DEGLI SVEVI) \u2013<\/p>\n<h3><strong>TAPPE<\/strong><\/h3>\n<p>Laghi di Monticchio: Passeggiando lungo le sponde dei due laghi di origine vulcanica incastonati nel Monte Vulture, potrete visitare i resti della Chiesa di Sant\u2019Ippolito (X sec.) e la suggestiva Abbazia di San Michele, custode della preziosa Grotta dell\u2019Angelo dedicata a San Michele Arcangelo (XI sec.)<\/p>\n<p>Cascate di San Fele: Scoprite l\u2019incanto del Borgo di San Fele e le cascate createsi lungo il torrente Bradano. Rimarrete ammaliati dalle loro forme de all\u2019intensit\u00e0 del loro perpetuo incedere. Lungo il cammino attraverso la natura, talvolta incontrerete antichi mulini e vetusti ponti utilizzati un tempo dai tessitori di lana.<\/p>\n<p><strong>Melfi<\/strong>: Profondamente segnata da Federico II (re che preferiva i libri e la cultura alla spada, capace di creare un ponte tra oriente e occidente) Melfi conserva ancora oggi i tesori, la storia e le leggende di questo carismatico sovrano. Dall\u2019imponente sagoma del Castello, si snodano le vie del centro storico racchiuso da possenti mura medioevali; dalla Porta Venosina, alla Cattedrale voluta da Riccardo I il Guiscardo fino alla Cripta di Santa Margherita.<\/p>\n<p><strong>Barile<\/strong>: Paese di origine Arbreshe, conserva ancora oggi segni importanti della cultura bizantina (suggestiva la rappresentazione della Via Crucis del Venerd\u00ec Santo). Scelta da Pasolini come la sua Betlemme per il film \u201cVangelo Secondo Matteo\u201d, le grotte scavate nel tufo vulcanico della \u201cVia delle Cantine\u201d furono il primo insediamento abitato della zona, per poi diventare cantine per la conservazione del vino.<\/p>\n<p><strong>Ripacandida<\/strong>: In posizione panoramica rispetto al Monte Vulture, si sta affermando per una produzione pregiata di miele. La chiesa di San Donato \u00e8 stata ribattezzata anche la \u201cPiccola Assisi\u201d per la volta ad unica navata completamente affrescata con scene del vecchio e nuovo testamento (XV sec.). Da visitare anche il Giardino di San Francesco, labirinto di alberi centenari di straordinaria bellezza.<\/p>\n<p><strong>Venosa<\/strong>: Il borgo \u00e8 indubbiamente legato al grande poeta romano Orazio Flacco, ma le origini risalenti al III sec. lasciano tracce sul territorio delle popolazioni Sannite, Normanni, Benedettini, Angioini e Borboni. Da visitare il Castello di Pirro del Balzo, la Fontana Romanesca e l\u2019importante Parco Archeologico di epoca romana con la suggestiva Chiesa dell\u2019Incompiuta.<\/p>\n<p><strong>Acerenza<\/strong>: Considerato uno dei borghi pi\u00f9 belli d\u2019Italia, Acerenza \u00e8 posta su di un altopiano a 863 metri slm. La sagoma della sua maestosa cattedrale \u00e8 uno dei simboli pi\u00f9 importanti, dedicata alla Santa Maria Assunto e San Canio Vescovo, custodisce al suo interno leggende e misteri legati ai Templari, al principe slavo Vlad III e al bastone miracoloso di San Canio.<\/p>\n<\/div><\/section><\/p><\/div>\n<style type=\"text\/css\" data-created_by=\"avia_inline_auto\" id=\"style-css-av-av_one_half-25347b0a799d5b9f7058434b2a9c3182\">\n.flex_column.av-av_one_half-25347b0a799d5b9f7058434b2a9c3182{\nborder-radius:0px 0px 0px 0px;\npadding:0px 0px 0px 0px;\n}\n<\/style>\n<div  class='flex_column av-av_one_half-25347b0a799d5b9f7058434b2a9c3182 av_one_half  avia-builder-el-3  el_after_av_one_half  el_before_av_one_half  first flex_column_div av-zero-column-padding  column-top-margin'     ><\/div><\/p>\n\n<style type=\"text\/css\" data-created_by=\"avia_inline_auto\" id=\"style-css-av-av_one_half-f7c1061df29de8cca6b42fcf455fe4a0\">\n.flex_column.av-av_one_half-f7c1061df29de8cca6b42fcf455fe4a0{\nborder-radius:0px 0px 0px 0px;\npadding:0px 0px 0px 0px;\n}\n<\/style>\n<div  class='flex_column av-av_one_half-f7c1061df29de8cca6b42fcf455fe4a0 av_one_half flex_column_div av-zero-column-padding  column-top-margin'     ><p>\n<style type=\"text\/css\" data-created_by=\"avia_inline_auto\" id=\"style-css-av-jv3g9ydi-541b13f73653c7239ea1ae87c4973de2\">\n#top .av-special-heading.av-jv3g9ydi-541b13f73653c7239ea1ae87c4973de2{\npadding-bottom:10px;\n}\nbody .av-special-heading.av-jv3g9ydi-541b13f73653c7239ea1ae87c4973de2 .av-special-heading-tag .heading-char{\nfont-size:25px;\n}\n.av-special-heading.av-jv3g9ydi-541b13f73653c7239ea1ae87c4973de2 .av-subheading{\nfont-size:15px;\n}\n<\/style>\n<div  class='av-special-heading av-jv3g9ydi-541b13f73653c7239ea1ae87c4973de2 av-special-heading-h3'><h3 class='av-special-heading-tag '  itemprop=\"headline\"  >PERCORSO 2 \u2013 I CALANCHI, LA VALSINNI E IL METAPONTINO<\/h3><div class=\"special-heading-border\"><div class=\"special-heading-inner-border\"><\/div><\/div><\/div><br \/>\n<section  class='av_textblock_section av-jv3gaib0-74bd8cba987e743d1e6723c23bf684fe '   itemscope=\"itemscope\" itemtype=\"https:\/\/schema.org\/CreativeWork\" ><div class='avia_textblock'  itemprop=\"text\" ><p>La parte Sud della Basilicata regala zone dove la natura ha creato scenari fantastici, con paesaggi da film western o ricordanti la Cappadocia. I profondi canyon dei Calanchi Lucani, con aride dune bianche hanno ispirato poeti, pittori e registi. La costa ionica, con la sua sabbia d\u2019orata \u00e8 un luogo ricco di storia della civit\u00e0 Magno-Greca. Risalendo poi verso la Valsinni, la natura torna al suo verde lussureggiante, incastonata tra il Pollino sorgono borghi di incredibile bellezza.<\/p>\n<h3><strong>AZIENDE<\/strong><\/h3>\n<p>BATTIFARANO \u2013 600 GROTTE \u2013 TAVERNA \u2013 TENUTE MARINO<\/p>\n<h3><strong>TAPPE<\/strong><\/h3>\n<p><strong>Tursi<\/strong>: Paese natale di Albino Pierro, due volte candidato al premio Nobel, \u00e8 sovrastato dalla Rabatana. Di origine Saracena, \u00e8 un groviglio di case, vicoli, archi, gradinate che portano a profondi precipizi o misteriose grotte. La chiesa di Santa Maria Maggiore in Rabatana (XI sec.) e il Santuario mariano di Santa Maria Regina di Anglona (costruzione in tufo e travertino del XI sec. considerato un capolavoro dell\u2019arte sacra medioevale) sono tra i monumenti principali da visitare.<\/p>\n<p><strong>Valsinni<\/strong>: E\u2019 storicamente ritenuta il luogo dove sorgeva l\u2019antica citt\u00e0 della Magna Grecia Lagaria, \u00e8 stata teatro del tragico destino della poetessa Isabella Morra a cui \u00e8 dedicato il parco letterario del paese, che permette ai visitatori di ripercorrere la storia attraverso le sue poesie. Incantevole il centro storico, caratterizzato da passaggi coperti da volte a botte detti \u201cgafi\u201d.<\/p>\n<p><strong>Senise<\/strong>: Patria del Peperone Crusco, sorge nei pressi del lago del Monte Cutugno (una delle pi\u00f9 grandi opere in terra battuta d\u2019Europa, teatro di gare internazionali di canottaggio e dell\u2019imponente spettacolo Magna Grecia il mito delle Origini).<\/p>\n<p><strong>Aliano<\/strong>: Arroccato su di una collina argillosa a 555 metri s.l.m. domina vallate con numerosi calanchi. Al borgo \u00e8 legata la figura di Carlo Levi, confinato per 8 mesi durante il periodo fascista, dove ambient\u00f2 il libro \u201cCristo si \u00e8 fermato a Eboli\u201d. Da visitare il parco letterario, il museo ricavato dall\u2019abitazione nella quale soggiorn\u00f2, e il cimitero dove \u00e8 stato seppellito, secondo le sue ultime volont\u00e0 \u201ctra i suoi contadini\u201d.<\/p>\n<p><strong>Craco<\/strong>: Il paese fantasma. Abbandonato nel 1969 a seguito delle continue frane, vi \u00e8 il divieto di accesso all\u2019abitato se non con una guida, a causa dei possibili crolli. Il colpo d\u2019occhio dall\u2019esterno \u00e8 davvero eccezionale, uno scenario unico del borgo dove tanti registi hanno ambientato alcune scene dei loro film (non ultimo La Passione di Mel Gibson). Craco \u00e8 anche borgo legato ai Templari ed inserito nella World Monument Fund per la sua salvaguardia.<\/p>\n<\/div><\/section><\/p><\/div>\n","protected":false},"excerpt":{"rendered":"","protected":false},"author":1,"featured_media":0,"parent":0,"menu_order":0,"comment_status":"closed","ping_status":"closed","template":"","meta":{"footnotes":""},"categories":[],"tags":[],"class_list":["post-627","page","type-page","status-publish","hentry"],"_links":{"self":[{"href":"https:\/\/mtvbasilicata.it\/index.php?rest_route=\/wp\/v2\/pages\/627","targetHints":{"allow":["GET"]}}],"collection":[{"href":"https:\/\/mtvbasilicata.it\/index.php?rest_route=\/wp\/v2\/pages"}],"about":[{"href":"https:\/\/mtvbasilicata.it\/index.php?rest_route=\/wp\/v2\/types\/page"}],"author":[{"embeddable":true,"href":"https:\/\/mtvbasilicata.it\/index.php?rest_route=\/wp\/v2\/users\/1"}],"replies":[{"embeddable":true,"href":"https:\/\/mtvbasilicata.it\/index.php?rest_route=%2Fwp%2Fv2%2Fcomments&post=627"}],"version-history":[{"count":2,"href":"https:\/\/mtvbasilicata.it\/index.php?rest_route=\/wp\/v2\/pages\/627\/revisions"}],"predecessor-version":[{"id":631,"href":"https:\/\/mtvbasilicata.it\/index.php?rest_route=\/wp\/v2\/pages\/627\/revisions\/631"}],"wp:attachment":[{"href":"https:\/\/mtvbasilicata.it\/index.php?rest_route=%2Fwp%2Fv2%2Fmedia&parent=627"}],"wp:term":[{"taxonomy":"category","embeddable":true,"href":"https:\/\/mtvbasilicata.it\/index.php?rest_route=%2Fwp%2Fv2%2Fcategories&post=627"},{"taxonomy":"post_tag","embeddable":true,"href":"https:\/\/mtvbasilicata.it\/index.php?rest_route=%2Fwp%2Fv2%2Ftags&post=627"}],"curies":[{"name":"wp","href":"https:\/\/api.w.org\/{rel}","templated":true}]}}